{"id":19744,"date":"2023-05-31T12:39:08","date_gmt":"2023-05-31T12:39:08","guid":{"rendered":"https:\/\/www.venetfoundation.org\/?page_id=19744"},"modified":"2024-04-24T13:13:49","modified_gmt":"2024-04-24T13:13:49","slug":"20230615_1530","status":"publish","type":"page","link":"https:\/\/www.venetfoundation.org\/fr\/20230615_1530\/","title":{"rendered":"Visite priv\u00e9e &#8211; Association des Amis des mus\u00e9es Royaux de Belgique"},"content":{"rendered":"<p><\/p>\n<p class=\"p1\"><span class=\"s1\">Comme nous sommes une jeune fondation avec une petite \u00e9quipe saisonni\u00e8re, nous ne pouvons, pour le moment, assurer des tarifs r\u00e9duits pour les retrait\u00e9s, membres de la presse, ou groupes. Nos tarifs sont affich\u00e9s et payables en dollars am\u00e9ricains car la Venet Foundation est une fondation bas\u00e9e aux \u00c9tats-Unis. Toute rentr\u00e9e g\u00e9n\u00e9r\u00e9e par la vente de billets sert \u00e0 couvrir une portion de nos frais de fonctionnement.<\/span><\/p>\n<p class=\"p1\"><span class=\"s1\">Les animaux de compagnie sont interdits.<\/span><\/p>\n<p class=\"p1\"><span class=\"s1\">Les visites, qui ont lieu au Muy (Var), France, durent environ deux heures, et sont men\u00e9es en fran\u00e7ais. Nous proposons une visite en anglais deux fois par semaine, le jeudi et vendredi apr\u00e8s-midi.<\/span><\/p>\n<p class=\"p1\"><span class=\"s1\">Nous ne sommes pas joignables par t\u00e9l\u00e9phone; tout num\u00e9ro affich\u00e9 en ligne n\u2019est pas valable.<\/span><\/p>\n<p class=\"p3\"><span class=\"s1\">Veuillez nous contacter directement par e-mail \u00e0 <a href=\"mailto:info@venetfoundation.org\"><span class=\"s3\">info@venetfoundation.org<\/span><\/a>:<\/span><span class=\"s1\"><br \/>\n&#8211; si vous faites partie d\u2019un groupe mus\u00e9al ou scolaire de plus de 15 personnes, afin que nous puissions organiser une visite priv\u00e9e. Nous ferons de notre mieux pour respecter la demande de langue de visite.<br \/>\n&#8211; si vous avez besoin d\u2019assistance d\u00fbe \u00e0 une mobilit\u00e9 r\u00e9duite.<br \/>\n&#8211; pour toute autre question.<\/span><\/p>\n<p><\/p>","protected":false},"excerpt":{"rendered":"<p>Comme nous sommes une jeune fondation avec une petite \u00e9quipe saisonni\u00e8re, nous ne pouvons, pour le moment, assurer des tarifs r\u00e9duits pour les retrait\u00e9s, membres de la presse, ou groupes. Nos tarifs sont affich\u00e9s et payables en dollars am\u00e9ricains car la Venet Foundation est une fondation bas\u00e9e aux \u00c9tats-Unis. Toute rentr\u00e9e g\u00e9n\u00e9r\u00e9e par la vente [&hellip;]<\/p>\n","protected":false},"author":4,"featured_media":0,"parent":0,"menu_order":0,"comment_status":"closed","ping_status":"closed","template":"templates\/template-plan-your-visit.php","meta":{"footnotes":""},"class_list":["post-19744","page","type-page","status-publish","hentry"],"yoast_head":"<!-- This site is optimized with the Yoast SEO plugin v27.3 - https:\/\/yoast.com\/product\/yoast-seo-wordpress\/ -->\n<title>Visite priv\u00e9e - Association des Amis des mus\u00e9es Royaux de Belgique - Venet Foundation<\/title>\n<meta name=\"robots\" content=\"noindex, nofollow\" \/>\n<meta property=\"og:locale\" content=\"fr_FR\" \/>\n<meta property=\"og:type\" content=\"article\" \/>\n<meta property=\"og:title\" content=\"[:en]Private visit - LA VISITE[:fr]Visite priv\u00e9e - Association des Amis des mus\u00e9es Royaux de Belgique[:] - Venet Foundation\" \/>\n<meta property=\"og:description\" content=\"Comme nous sommes une jeune fondation avec une petite \u00e9quipe saisonni\u00e8re, nous ne pouvons, pour le moment, assurer des tarifs r\u00e9duits pour les retrait\u00e9s, membres de la presse, ou groupes. Nos tarifs sont affich\u00e9s et payables en dollars am\u00e9ricains car la Venet Foundation est une fondation bas\u00e9e aux \u00c9tats-Unis. Toute rentr\u00e9e g\u00e9n\u00e9r\u00e9e par la vente [&hellip;]\" \/>\n<meta property=\"og:url\" content=\"https:\/\/www.venetfoundation.org\/20230615_1530\/\" \/>\n<meta property=\"og:site_name\" content=\"Venet Foundation\" \/>\n<meta property=\"article:modified_time\" content=\"2024-04-24T13:13:49+00:00\" \/>\n<meta name=\"twitter:card\" content=\"summary_large_image\" \/>\n<meta name=\"twitter:label1\" content=\"Dur\u00e9e de lecture estim\u00e9e\" \/>\n\t<meta name=\"twitter:data1\" content=\"2 minutes\" \/>\n<script type=\"application\/ld+json\" class=\"yoast-schema-graph\">{\"@context\":\"https:\\\/\\\/schema.org\",\"@graph\":[{\"@type\":\"WebPage\",\"@id\":\"https:\\\/\\\/www.venetfoundation.org\\\/20230615_1530\\\/\",\"url\":\"https:\\\/\\\/www.venetfoundation.org\\\/20230615_1530\\\/\",\"name\":\"[:en]Private visit - LA VISITE[:fr]Visite priv\u00e9e - Association des Amis des mus\u00e9es Royaux de Belgique[:] - Venet Foundation\",\"isPartOf\":{\"@id\":\"https:\\\/\\\/www.venetfoundation.org\\\/#website\"},\"datePublished\":\"2023-05-31T12:39:08+00:00\",\"dateModified\":\"2024-04-24T13:13:49+00:00\",\"breadcrumb\":{\"@id\":\"https:\\\/\\\/www.venetfoundation.org\\\/20230615_1530\\\/#breadcrumb\"},\"inLanguage\":\"fr-FR\",\"potentialAction\":[{\"@type\":\"ReadAction\",\"target\":[\"https:\\\/\\\/www.venetfoundation.org\\\/20230615_1530\\\/\"]}]},{\"@type\":\"BreadcrumbList\",\"@id\":\"https:\\\/\\\/www.venetfoundation.org\\\/20230615_1530\\\/#breadcrumb\",\"itemListElement\":[{\"@type\":\"ListItem\",\"position\":1,\"name\":\"Home\",\"item\":\"https:\\\/\\\/www.venetfoundation.org\\\/\"},{\"@type\":\"ListItem\",\"position\":2,\"name\":\"Private visit &#8211; LA VISITE\"}]},{\"@type\":\"WebSite\",\"@id\":\"https:\\\/\\\/www.venetfoundation.org\\\/#website\",\"url\":\"https:\\\/\\\/www.venetfoundation.org\\\/\",\"name\":\"Venet Foundation\",\"description\":\"\",\"potentialAction\":[{\"@type\":\"SearchAction\",\"target\":{\"@type\":\"EntryPoint\",\"urlTemplate\":\"https:\\\/\\\/www.venetfoundation.org\\\/?s={search_term_string}\"},\"query-input\":{\"@type\":\"PropertyValueSpecification\",\"valueRequired\":true,\"valueName\":\"search_term_string\"}}],\"inLanguage\":\"fr-FR\"}]}<\/script>\n<!-- \/ Yoast SEO plugin. -->","yoast_head_json":{"title":"[:en]Private visit - LA VISITE[:fr]Visite priv\u00e9e - Association des Amis des mus\u00e9es Royaux de Belgique[:] - Venet Foundation","robots":{"index":"noindex","follow":"nofollow"},"og_locale":"fr_FR","og_type":"article","og_title":"[:en]Private visit - LA VISITE[:fr]Visite priv\u00e9e - Association des Amis des mus\u00e9es Royaux de Belgique[:] - Venet Foundation","og_description":"Comme nous sommes une jeune fondation avec une petite \u00e9quipe saisonni\u00e8re, nous ne pouvons, pour le moment, assurer des tarifs r\u00e9duits pour les retrait\u00e9s, membres de la presse, ou groupes. Nos tarifs sont affich\u00e9s et payables en dollars am\u00e9ricains car la Venet Foundation est une fondation bas\u00e9e aux \u00c9tats-Unis. Toute rentr\u00e9e g\u00e9n\u00e9r\u00e9e par la vente [&hellip;]","og_url":"https:\/\/www.venetfoundation.org\/20230615_1530\/","og_site_name":"Venet Foundation","article_modified_time":"2024-04-24T13:13:49+00:00","twitter_card":"summary_large_image","twitter_misc":{"Dur\u00e9e de lecture estim\u00e9e":"2 minutes"},"schema":{"@context":"https:\/\/schema.org","@graph":[{"@type":"WebPage","@id":"https:\/\/www.venetfoundation.org\/20230615_1530\/","url":"https:\/\/www.venetfoundation.org\/20230615_1530\/","name":"[:en]Private visit - LA VISITE[:fr]Visite priv\u00e9e - Association des Amis des mus\u00e9es Royaux de Belgique[:] - Venet Foundation","isPartOf":{"@id":"https:\/\/www.venetfoundation.org\/#website"},"datePublished":"2023-05-31T12:39:08+00:00","dateModified":"2024-04-24T13:13:49+00:00","breadcrumb":{"@id":"https:\/\/www.venetfoundation.org\/20230615_1530\/#breadcrumb"},"inLanguage":"fr-FR","potentialAction":[{"@type":"ReadAction","target":["https:\/\/www.venetfoundation.org\/20230615_1530\/"]}]},{"@type":"BreadcrumbList","@id":"https:\/\/www.venetfoundation.org\/20230615_1530\/#breadcrumb","itemListElement":[{"@type":"ListItem","position":1,"name":"Home","item":"https:\/\/www.venetfoundation.org\/"},{"@type":"ListItem","position":2,"name":"Private visit &#8211; LA VISITE"}]},{"@type":"WebSite","@id":"https:\/\/www.venetfoundation.org\/#website","url":"https:\/\/www.venetfoundation.org\/","name":"Venet Foundation","description":"","potentialAction":[{"@type":"SearchAction","target":{"@type":"EntryPoint","urlTemplate":"https:\/\/www.venetfoundation.org\/?s={search_term_string}"},"query-input":{"@type":"PropertyValueSpecification","valueRequired":true,"valueName":"search_term_string"}}],"inLanguage":"fr-FR"}]}},"_links":{"self":[{"href":"https:\/\/www.venetfoundation.org\/fr\/wp-json\/wp\/v2\/pages\/19744","targetHints":{"allow":["GET"]}}],"collection":[{"href":"https:\/\/www.venetfoundation.org\/fr\/wp-json\/wp\/v2\/pages"}],"about":[{"href":"https:\/\/www.venetfoundation.org\/fr\/wp-json\/wp\/v2\/types\/page"}],"author":[{"embeddable":true,"href":"https:\/\/www.venetfoundation.org\/fr\/wp-json\/wp\/v2\/users\/4"}],"replies":[{"embeddable":true,"href":"https:\/\/www.venetfoundation.org\/fr\/wp-json\/wp\/v2\/comments?post=19744"}],"version-history":[{"count":0,"href":"https:\/\/www.venetfoundation.org\/fr\/wp-json\/wp\/v2\/pages\/19744\/revisions"}],"wp:attachment":[{"href":"https:\/\/www.venetfoundation.org\/fr\/wp-json\/wp\/v2\/media?parent=19744"}],"curies":[{"name":"wp","href":"https:\/\/api.w.org\/{rel}","templated":true}]}}