{"id":3777,"date":"2018-05-28T05:52:40","date_gmt":"2018-05-28T05:52:40","guid":{"rendered":"https:\/\/venet.wpengine.com\/?page_id=3777"},"modified":"2018-06-01T16:09:59","modified_gmt":"2018-06-01T16:09:59","slug":"privacy-policy","status":"publish","type":"page","link":"https:\/\/www.venetfoundation.org\/fr\/privacy-policy\/","title":{"rendered":"Politique de confidentialit\u00e9"},"content":{"rendered":"<p><\/p>\n<p class=\"p1\"><span class=\"s1\">Toutes donn\u00e9es personnelles rassembl\u00e9es et sauvegard\u00e9es par la Venet Foundation sont des informations que l&rsquo;utilisateur partage de son plein gr\u00e9 par le biais de notre site afin de nous contacter. Ces donn\u00e9es incluent mais ne se limitent pas aux demandes g\u00e9n\u00e9rales, l&rsquo;authentification d&rsquo;\u0153uvres, demandes de visite ou presse.<\/span><\/p>\n<p>&nbsp;<\/p>\n<p class=\"p1\"><span class=\"s1\">Concernant la vente de billets, notre partenaire rassemble des donn\u00e9es suppl\u00e9mentaires partag\u00e9es par l&rsquo;utilisateur lors de l&rsquo;achat de billets \u00e0 nos expositions. Ces informations incluent le nom du client et ses coordonn\u00e9es (adresse de facturation, num\u00e9ro de t\u00e9l\u00e9phone, et adresse mail).<\/span><\/p>\n<p>&nbsp;<\/p>\n<p class=\"p1\"><span class=\"s1\">Les coordonn\u00e9es bancaires (carte de cr\u00e9dit) sont sauvegard\u00e9es sur les serveurs de notre partenaire. Un code \u00e0 usage unique est utilis\u00e9 pour chaque transaction et nous n&rsquo;avons aucun acc\u00e8s \u00e0 ces donn\u00e9es.<\/span><\/p>\n<p>&nbsp;<\/p>\n<p class=\"p1\"><span class=\"s1\">Veuillez noter que nous ne partageons, distribuons, ou vendons aucune information personnelle avec un tiers, sans l\u2019autorisation de l\u2019utilisateur, sauf si mandat\u00e9 par la loi.<\/span><\/p>\n<p>&nbsp;<\/p>\n<p class=\"p1\"><span class=\"s1\">Comme la plupart des sites, nous utilisons des cookies, qui nous permettent d\u2019am\u00e9liorer l\u2019exp\u00e9rience utilisateur, et d\u2019analyser ces informations afin de perfectionner notre site. Enfin, il se peut \u00e9galement que les informations relatives aux adresses IP, informations relatives au logiciel (navigateur web et syst\u00e8me d\u2019exploitation) ou mat\u00e9riel informatique (appareil) soient recueillies.<\/span><\/p>\n<p>&nbsp;<\/p>\n<p class=\"p1\"><span class=\"s1\">Pour plus d\u2019informations, vous pouvez nous contacter : <a href=\"mailto:info@venetfoundation.org\"><span class=\"s2\">info@venetfoundation.org<\/span><\/a>.<\/span><\/p>\n<p><\/p>","protected":false},"excerpt":{"rendered":"<p>Toutes donn\u00e9es personnelles rassembl\u00e9es et sauvegard\u00e9es par la Venet Foundation sont des informations que l&rsquo;utilisateur partage de son plein gr\u00e9 par le biais de notre site afin de nous contacter. Ces donn\u00e9es incluent mais ne se limitent pas aux demandes g\u00e9n\u00e9rales, l&rsquo;authentification d&rsquo;\u0153uvres, demandes de visite ou presse. &nbsp; Concernant la vente de billets, notre [&hellip;]<\/p>\n","protected":false},"author":8,"featured_media":0,"parent":0,"menu_order":0,"comment_status":"closed","ping_status":"closed","template":"","meta":{"footnotes":""},"class_list":["post-3777","page","type-page","status-publish","hentry"],"yoast_head":"<!-- This site is optimized with the Yoast SEO plugin v27.3 - https:\/\/yoast.com\/product\/yoast-seo-wordpress\/ -->\n<title>Politique de confidentialit\u00e9 - Venet Foundation<\/title>\n<meta name=\"robots\" content=\"index, follow, max-snippet:-1, max-image-preview:large, max-video-preview:-1\" \/>\n<link rel=\"canonical\" href=\"https:\/\/www.venetfoundation.org\/privacy-policy\/\" \/>\n<meta property=\"og:locale\" content=\"fr_FR\" \/>\n<meta property=\"og:type\" content=\"article\" \/>\n<meta property=\"og:title\" content=\"[:en]Privacy policy[:fr]Politique de confidentialit\u00e9[:] - Venet Foundation\" \/>\n<meta property=\"og:description\" content=\"Toutes donn\u00e9es personnelles rassembl\u00e9es et sauvegard\u00e9es par la Venet Foundation sont des informations que l&rsquo;utilisateur partage de son plein gr\u00e9 par le biais de notre site afin de nous contacter. Ces donn\u00e9es incluent mais ne se limitent pas aux demandes g\u00e9n\u00e9rales, l&rsquo;authentification d&rsquo;\u0153uvres, demandes de visite ou presse. &nbsp; Concernant la vente de billets, notre [&hellip;]\" \/>\n<meta property=\"og:url\" content=\"https:\/\/www.venetfoundation.org\/privacy-policy\/\" \/>\n<meta property=\"og:site_name\" content=\"Venet Foundation\" \/>\n<meta property=\"article:modified_time\" content=\"2018-06-01T16:09:59+00:00\" \/>\n<meta name=\"twitter:card\" content=\"summary_large_image\" \/>\n<meta name=\"twitter:label1\" content=\"Dur\u00e9e de lecture estim\u00e9e\" \/>\n\t<meta name=\"twitter:data1\" content=\"2 minutes\" \/>\n<script type=\"application\/ld+json\" class=\"yoast-schema-graph\">{\"@context\":\"https:\\\/\\\/schema.org\",\"@graph\":[{\"@type\":\"WebPage\",\"@id\":\"https:\\\/\\\/www.venetfoundation.org\\\/privacy-policy\\\/\",\"url\":\"https:\\\/\\\/www.venetfoundation.org\\\/privacy-policy\\\/\",\"name\":\"[:en]Privacy policy[:fr]Politique de confidentialit\u00e9[:] - Venet Foundation\",\"isPartOf\":{\"@id\":\"https:\\\/\\\/www.venetfoundation.org\\\/#website\"},\"datePublished\":\"2018-05-28T05:52:40+00:00\",\"dateModified\":\"2018-06-01T16:09:59+00:00\",\"breadcrumb\":{\"@id\":\"https:\\\/\\\/www.venetfoundation.org\\\/privacy-policy\\\/#breadcrumb\"},\"inLanguage\":\"fr-FR\",\"potentialAction\":[{\"@type\":\"ReadAction\",\"target\":[\"https:\\\/\\\/www.venetfoundation.org\\\/privacy-policy\\\/\"]}]},{\"@type\":\"BreadcrumbList\",\"@id\":\"https:\\\/\\\/www.venetfoundation.org\\\/privacy-policy\\\/#breadcrumb\",\"itemListElement\":[{\"@type\":\"ListItem\",\"position\":1,\"name\":\"Home\",\"item\":\"https:\\\/\\\/www.venetfoundation.org\\\/\"},{\"@type\":\"ListItem\",\"position\":2,\"name\":\"Privacy policy\"}]},{\"@type\":\"WebSite\",\"@id\":\"https:\\\/\\\/www.venetfoundation.org\\\/#website\",\"url\":\"https:\\\/\\\/www.venetfoundation.org\\\/\",\"name\":\"Venet Foundation\",\"description\":\"\",\"potentialAction\":[{\"@type\":\"SearchAction\",\"target\":{\"@type\":\"EntryPoint\",\"urlTemplate\":\"https:\\\/\\\/www.venetfoundation.org\\\/?s={search_term_string}\"},\"query-input\":{\"@type\":\"PropertyValueSpecification\",\"valueRequired\":true,\"valueName\":\"search_term_string\"}}],\"inLanguage\":\"fr-FR\"}]}<\/script>\n<!-- \/ Yoast SEO plugin. -->","yoast_head_json":{"title":"[:en]Privacy policy[:fr]Politique de confidentialit\u00e9[:] - Venet Foundation","robots":{"index":"index","follow":"follow","max-snippet":"max-snippet:-1","max-image-preview":"max-image-preview:large","max-video-preview":"max-video-preview:-1"},"canonical":"https:\/\/www.venetfoundation.org\/privacy-policy\/","og_locale":"fr_FR","og_type":"article","og_title":"[:en]Privacy policy[:fr]Politique de confidentialit\u00e9[:] - Venet Foundation","og_description":"Toutes donn\u00e9es personnelles rassembl\u00e9es et sauvegard\u00e9es par la Venet Foundation sont des informations que l&rsquo;utilisateur partage de son plein gr\u00e9 par le biais de notre site afin de nous contacter. Ces donn\u00e9es incluent mais ne se limitent pas aux demandes g\u00e9n\u00e9rales, l&rsquo;authentification d&rsquo;\u0153uvres, demandes de visite ou presse. &nbsp; Concernant la vente de billets, notre [&hellip;]","og_url":"https:\/\/www.venetfoundation.org\/privacy-policy\/","og_site_name":"Venet Foundation","article_modified_time":"2018-06-01T16:09:59+00:00","twitter_card":"summary_large_image","twitter_misc":{"Dur\u00e9e de lecture estim\u00e9e":"2 minutes"},"schema":{"@context":"https:\/\/schema.org","@graph":[{"@type":"WebPage","@id":"https:\/\/www.venetfoundation.org\/privacy-policy\/","url":"https:\/\/www.venetfoundation.org\/privacy-policy\/","name":"[:en]Privacy policy[:fr]Politique de confidentialit\u00e9[:] - Venet Foundation","isPartOf":{"@id":"https:\/\/www.venetfoundation.org\/#website"},"datePublished":"2018-05-28T05:52:40+00:00","dateModified":"2018-06-01T16:09:59+00:00","breadcrumb":{"@id":"https:\/\/www.venetfoundation.org\/privacy-policy\/#breadcrumb"},"inLanguage":"fr-FR","potentialAction":[{"@type":"ReadAction","target":["https:\/\/www.venetfoundation.org\/privacy-policy\/"]}]},{"@type":"BreadcrumbList","@id":"https:\/\/www.venetfoundation.org\/privacy-policy\/#breadcrumb","itemListElement":[{"@type":"ListItem","position":1,"name":"Home","item":"https:\/\/www.venetfoundation.org\/"},{"@type":"ListItem","position":2,"name":"Privacy policy"}]},{"@type":"WebSite","@id":"https:\/\/www.venetfoundation.org\/#website","url":"https:\/\/www.venetfoundation.org\/","name":"Venet Foundation","description":"","potentialAction":[{"@type":"SearchAction","target":{"@type":"EntryPoint","urlTemplate":"https:\/\/www.venetfoundation.org\/?s={search_term_string}"},"query-input":{"@type":"PropertyValueSpecification","valueRequired":true,"valueName":"search_term_string"}}],"inLanguage":"fr-FR"}]}},"_links":{"self":[{"href":"https:\/\/www.venetfoundation.org\/fr\/wp-json\/wp\/v2\/pages\/3777","targetHints":{"allow":["GET"]}}],"collection":[{"href":"https:\/\/www.venetfoundation.org\/fr\/wp-json\/wp\/v2\/pages"}],"about":[{"href":"https:\/\/www.venetfoundation.org\/fr\/wp-json\/wp\/v2\/types\/page"}],"author":[{"embeddable":true,"href":"https:\/\/www.venetfoundation.org\/fr\/wp-json\/wp\/v2\/users\/8"}],"replies":[{"embeddable":true,"href":"https:\/\/www.venetfoundation.org\/fr\/wp-json\/wp\/v2\/comments?post=3777"}],"version-history":[{"count":0,"href":"https:\/\/www.venetfoundation.org\/fr\/wp-json\/wp\/v2\/pages\/3777\/revisions"}],"wp:attachment":[{"href":"https:\/\/www.venetfoundation.org\/fr\/wp-json\/wp\/v2\/media?parent=3777"}],"curies":[{"name":"wp","href":"https:\/\/api.w.org\/{rel}","templated":true}]}}